{"id":66,"date":"2020-09-03T14:39:17","date_gmt":"2020-09-03T12:39:17","guid":{"rendered":"http:\/\/relaisbrunehaut.fr\/?page_id=66"},"modified":"2020-12-16T18:01:00","modified_gmt":"2020-12-16T17:01:00","slug":"hotel-relais-brunehaut","status":"publish","type":"page","link":"https:\/\/relaisbrunehaut.fr\/","title":{"rendered":"Relais Brunehaut"},"content":{"rendered":"\n<div class=\"wp-block-image\"><figure class=\"aligncenter is-resized\"><img loading=\"lazy\" src=\"https:\/\/relaisbrunehaut.fr\/wp-content\/uploads\/2020\/12\/20201214_173829-001-e1608137891281.jpg\" alt=\"\" class=\"wp-image-453\" width=\"600\" height=\"616\" srcset=\"https:\/\/relaisbrunehaut.fr\/wp-content\/uploads\/2020\/12\/20201214_173829-001-e1608137891281.jpg 600w, https:\/\/relaisbrunehaut.fr\/wp-content\/uploads\/2020\/12\/20201214_173829-001-e1608137891281-292x300.jpg 292w, https:\/\/relaisbrunehaut.fr\/wp-content\/uploads\/2020\/12\/20201214_173829-001-e1608137891281-487x500.jpg 487w\" sizes=\"(max-width: 600px) 100vw, 600px\" \/><\/figure><\/div>\n\n\n\n<ul class=\"wp-block-gallery columns-3 is-cropped\"><li class=\"blocks-gallery-item\"><figure><img loading=\"lazy\" width=\"576\" height=\"1024\" src=\"https:\/\/relaisbrunehaut.fr\/wp-content\/uploads\/2020\/10\/20180628_163143-001-576x1024.jpg\" alt=\"\" data-id=\"318\" data-link=\"https:\/\/relaisbrunehaut.fr\/?attachment_id=318\" class=\"wp-image-318\" srcset=\"https:\/\/relaisbrunehaut.fr\/wp-content\/uploads\/2020\/10\/20180628_163143-001-576x1024.jpg 576w, https:\/\/relaisbrunehaut.fr\/wp-content\/uploads\/2020\/10\/20180628_163143-001-169x300.jpg 169w, https:\/\/relaisbrunehaut.fr\/wp-content\/uploads\/2020\/10\/20180628_163143-001-768x1365.jpg 768w, https:\/\/relaisbrunehaut.fr\/wp-content\/uploads\/2020\/10\/20180628_163143-001.jpg 1836w\" sizes=\"(max-width: 576px) 100vw, 576px\" \/><\/figure><\/li><li class=\"blocks-gallery-item\"><figure><img loading=\"lazy\" width=\"680\" height=\"1024\" src=\"https:\/\/relaisbrunehaut.fr\/wp-content\/uploads\/2020\/10\/DSC_4120_Auberge-680x1024.jpg\" alt=\"\" data-id=\"325\" data-link=\"https:\/\/relaisbrunehaut.fr\/?attachment_id=325\" class=\"wp-image-325\" srcset=\"https:\/\/relaisbrunehaut.fr\/wp-content\/uploads\/2020\/10\/DSC_4120_Auberge-680x1024.jpg 680w, https:\/\/relaisbrunehaut.fr\/wp-content\/uploads\/2020\/10\/DSC_4120_Auberge-199x300.jpg 199w, https:\/\/relaisbrunehaut.fr\/wp-content\/uploads\/2020\/10\/DSC_4120_Auberge-768x1156.jpg 768w, https:\/\/relaisbrunehaut.fr\/wp-content\/uploads\/2020\/10\/DSC_4120_Auberge.jpg 1200w\" sizes=\"(max-width: 680px) 100vw, 680px\" \/><\/figure><\/li><li class=\"blocks-gallery-item\"><figure><img loading=\"lazy\" width=\"1024\" height=\"732\" src=\"https:\/\/relaisbrunehaut.fr\/wp-content\/uploads\/2020\/06\/mariage3-1024x732.jpg\" alt=\"\" data-id=\"49\" data-link=\"https:\/\/relaisbrunehaut.fr\/?attachment_id=49\" class=\"wp-image-49\" srcset=\"https:\/\/relaisbrunehaut.fr\/wp-content\/uploads\/2020\/06\/mariage3-1024x732.jpg 1024w, https:\/\/relaisbrunehaut.fr\/wp-content\/uploads\/2020\/06\/mariage3-300x214.jpg 300w, https:\/\/relaisbrunehaut.fr\/wp-content\/uploads\/2020\/06\/mariage3-768x549.jpg 768w\" sizes=\"(max-width: 1024px) 100vw, 1024px\" \/><\/figure><\/li><li class=\"blocks-gallery-item\"><figure><img loading=\"lazy\" width=\"576\" height=\"1024\" src=\"https:\/\/relaisbrunehaut.fr\/wp-content\/uploads\/2020\/06\/20180506_180425-576x1024.jpg\" alt=\"\" data-id=\"41\" data-link=\"https:\/\/relaisbrunehaut.fr\/?attachment_id=41\" class=\"wp-image-41\" srcset=\"https:\/\/relaisbrunehaut.fr\/wp-content\/uploads\/2020\/06\/20180506_180425-576x1024.jpg 576w, https:\/\/relaisbrunehaut.fr\/wp-content\/uploads\/2020\/06\/20180506_180425-169x300.jpg 169w, https:\/\/relaisbrunehaut.fr\/wp-content\/uploads\/2020\/06\/20180506_180425-768x1365.jpg 768w, https:\/\/relaisbrunehaut.fr\/wp-content\/uploads\/2020\/06\/20180506_180425.jpg 1836w\" sizes=\"(max-width: 576px) 100vw, 576px\" \/><\/figure><\/li><li class=\"blocks-gallery-item\"><figure><img loading=\"lazy\" width=\"576\" height=\"1024\" src=\"https:\/\/relaisbrunehaut.fr\/wp-content\/uploads\/2020\/06\/20171006_145925_resized-576x1024.jpg\" alt=\"\" data-id=\"36\" data-link=\"https:\/\/relaisbrunehaut.fr\/?attachment_id=36\" class=\"wp-image-36\" srcset=\"https:\/\/relaisbrunehaut.fr\/wp-content\/uploads\/2020\/06\/20171006_145925_resized-576x1024.jpg 576w, https:\/\/relaisbrunehaut.fr\/wp-content\/uploads\/2020\/06\/20171006_145925_resized-169x300.jpg 169w, https:\/\/relaisbrunehaut.fr\/wp-content\/uploads\/2020\/06\/20171006_145925_resized-768x1365.jpg 768w, https:\/\/relaisbrunehaut.fr\/wp-content\/uploads\/2020\/06\/20171006_145925_resized.jpg 918w\" sizes=\"(max-width: 576px) 100vw, 576px\" \/><\/figure><\/li><li class=\"blocks-gallery-item\"><figure><img loading=\"lazy\" width=\"732\" height=\"1024\" src=\"https:\/\/relaisbrunehaut.fr\/wp-content\/uploads\/2020\/06\/07-732x1024.jpg\" alt=\"\" data-id=\"32\" data-link=\"https:\/\/relaisbrunehaut.fr\/?attachment_id=32\" class=\"wp-image-32\" srcset=\"https:\/\/relaisbrunehaut.fr\/wp-content\/uploads\/2020\/06\/07-732x1024.jpg 732w, https:\/\/relaisbrunehaut.fr\/wp-content\/uploads\/2020\/06\/07-214x300.jpg 214w, https:\/\/relaisbrunehaut.fr\/wp-content\/uploads\/2020\/06\/07-768x1075.jpg 768w, https:\/\/relaisbrunehaut.fr\/wp-content\/uploads\/2020\/06\/07.jpg 1772w\" sizes=\"(max-width: 732px) 100vw, 732px\" \/><\/figure><\/li><li class=\"blocks-gallery-item\"><figure><img loading=\"lazy\" width=\"1024\" height=\"732\" src=\"https:\/\/relaisbrunehaut.fr\/wp-content\/uploads\/2020\/06\/09-1024x732.jpg\" alt=\"\" data-id=\"33\" data-link=\"https:\/\/relaisbrunehaut.fr\/?attachment_id=33\" class=\"wp-image-33\" srcset=\"https:\/\/relaisbrunehaut.fr\/wp-content\/uploads\/2020\/06\/09-1024x732.jpg 1024w, https:\/\/relaisbrunehaut.fr\/wp-content\/uploads\/2020\/06\/09-300x214.jpg 300w, https:\/\/relaisbrunehaut.fr\/wp-content\/uploads\/2020\/06\/09-768x549.jpg 768w\" sizes=\"(max-width: 1024px) 100vw, 1024px\" \/><\/figure><\/li><li class=\"blocks-gallery-item\"><figure><img loading=\"lazy\" width=\"576\" height=\"1024\" src=\"https:\/\/relaisbrunehaut.fr\/wp-content\/uploads\/2020\/06\/20180420_145313-576x1024.jpg\" alt=\"\" data-id=\"39\" data-link=\"https:\/\/relaisbrunehaut.fr\/?attachment_id=39\" class=\"wp-image-39\" srcset=\"https:\/\/relaisbrunehaut.fr\/wp-content\/uploads\/2020\/06\/20180420_145313-576x1024.jpg 576w, https:\/\/relaisbrunehaut.fr\/wp-content\/uploads\/2020\/06\/20180420_145313-169x300.jpg 169w, https:\/\/relaisbrunehaut.fr\/wp-content\/uploads\/2020\/06\/20180420_145313-768x1365.jpg 768w, https:\/\/relaisbrunehaut.fr\/wp-content\/uploads\/2020\/06\/20180420_145313.jpg 1836w\" sizes=\"(max-width: 576px) 100vw, 576px\" \/><\/figure><\/li><li class=\"blocks-gallery-item\"><figure><img loading=\"lazy\" width=\"680\" height=\"1024\" src=\"https:\/\/relaisbrunehaut.fr\/wp-content\/uploads\/2020\/06\/DSC_4004_LeClocher-680x1024.jpg\" alt=\"\" data-id=\"48\" data-link=\"https:\/\/relaisbrunehaut.fr\/?attachment_id=48\" class=\"wp-image-48\" srcset=\"https:\/\/relaisbrunehaut.fr\/wp-content\/uploads\/2020\/06\/DSC_4004_LeClocher-680x1024.jpg 680w, https:\/\/relaisbrunehaut.fr\/wp-content\/uploads\/2020\/06\/DSC_4004_LeClocher-199x300.jpg 199w, https:\/\/relaisbrunehaut.fr\/wp-content\/uploads\/2020\/06\/DSC_4004_LeClocher-768x1156.jpg 768w, https:\/\/relaisbrunehaut.fr\/wp-content\/uploads\/2020\/06\/DSC_4004_LeClocher.jpg 1200w\" sizes=\"(max-width: 680px) 100vw, 680px\" \/><\/figure><\/li><li class=\"blocks-gallery-item\"><figure><img loading=\"lazy\" width=\"572\" height=\"1024\" src=\"https:\/\/relaisbrunehaut.fr\/wp-content\/uploads\/2020\/10\/20180704_115919-001-572x1024.jpg\" alt=\"\" data-id=\"319\" data-link=\"https:\/\/relaisbrunehaut.fr\/?attachment_id=319\" class=\"wp-image-319\" srcset=\"https:\/\/relaisbrunehaut.fr\/wp-content\/uploads\/2020\/10\/20180704_115919-001-572x1024.jpg 572w, https:\/\/relaisbrunehaut.fr\/wp-content\/uploads\/2020\/10\/20180704_115919-001-168x300.jpg 168w, https:\/\/relaisbrunehaut.fr\/wp-content\/uploads\/2020\/10\/20180704_115919-001-768x1374.jpg 768w, https:\/\/relaisbrunehaut.fr\/wp-content\/uploads\/2020\/10\/20180704_115919-001.jpg 1824w\" sizes=\"(max-width: 572px) 100vw, 572px\" \/><\/figure><\/li><li class=\"blocks-gallery-item\"><figure><img loading=\"lazy\" width=\"1024\" height=\"683\" src=\"https:\/\/relaisbrunehaut.fr\/wp-content\/uploads\/2020\/10\/Gil-Giuglio_RelaisBrunehaut_2020GIL_0226-copie-1024x683.jpg\" alt=\"\" data-id=\"317\" data-link=\"https:\/\/relaisbrunehaut.fr\/?attachment_id=317\" class=\"wp-image-317\" srcset=\"https:\/\/relaisbrunehaut.fr\/wp-content\/uploads\/2020\/10\/Gil-Giuglio_RelaisBrunehaut_2020GIL_0226-copie-1024x683.jpg 1024w, https:\/\/relaisbrunehaut.fr\/wp-content\/uploads\/2020\/10\/Gil-Giuglio_RelaisBrunehaut_2020GIL_0226-copie-300x200.jpg 300w, https:\/\/relaisbrunehaut.fr\/wp-content\/uploads\/2020\/10\/Gil-Giuglio_RelaisBrunehaut_2020GIL_0226-copie-768x512.jpg 768w\" sizes=\"(max-width: 1024px) 100vw, 1024px\" \/><\/figure><\/li><li class=\"blocks-gallery-item\"><figure><img loading=\"lazy\" width=\"680\" height=\"1024\" src=\"https:\/\/relaisbrunehaut.fr\/wp-content\/uploads\/2020\/10\/DSC_4083_Auberge-680x1024.jpg\" alt=\"\" data-id=\"327\" data-link=\"https:\/\/relaisbrunehaut.fr\/?attachment_id=327\" class=\"wp-image-327\" srcset=\"https:\/\/relaisbrunehaut.fr\/wp-content\/uploads\/2020\/10\/DSC_4083_Auberge-680x1024.jpg 680w, https:\/\/relaisbrunehaut.fr\/wp-content\/uploads\/2020\/10\/DSC_4083_Auberge-199x300.jpg 199w, https:\/\/relaisbrunehaut.fr\/wp-content\/uploads\/2020\/10\/DSC_4083_Auberge-768x1156.jpg 768w, https:\/\/relaisbrunehaut.fr\/wp-content\/uploads\/2020\/10\/DSC_4083_Auberge.jpg 1200w\" sizes=\"(max-width: 680px) 100vw, 680px\" \/><\/figure><\/li><li class=\"blocks-gallery-item\"><figure><img loading=\"lazy\" width=\"1024\" height=\"732\" src=\"https:\/\/relaisbrunehaut.fr\/wp-content\/uploads\/2020\/10\/027-1024x732.jpg\" alt=\"\" data-id=\"326\" data-link=\"https:\/\/relaisbrunehaut.fr\/?attachment_id=326\" class=\"wp-image-326\" srcset=\"https:\/\/relaisbrunehaut.fr\/wp-content\/uploads\/2020\/10\/027-1024x732.jpg 1024w, https:\/\/relaisbrunehaut.fr\/wp-content\/uploads\/2020\/10\/027-300x214.jpg 300w, https:\/\/relaisbrunehaut.fr\/wp-content\/uploads\/2020\/10\/027-768x549.jpg 768w\" sizes=\"(max-width: 1024px) 100vw, 1024px\" \/><\/figure><\/li><li class=\"blocks-gallery-item\"><figure><img loading=\"lazy\" width=\"1024\" height=\"662\" src=\"https:\/\/relaisbrunehaut.fr\/wp-content\/uploads\/2020\/10\/IMG_7369-copie--1024x662.jpg\" alt=\"\" data-id=\"328\" data-link=\"https:\/\/relaisbrunehaut.fr\/?attachment_id=328\" class=\"wp-image-328\" srcset=\"https:\/\/relaisbrunehaut.fr\/wp-content\/uploads\/2020\/10\/IMG_7369-copie--1024x662.jpg 1024w, https:\/\/relaisbrunehaut.fr\/wp-content\/uploads\/2020\/10\/IMG_7369-copie--300x194.jpg 300w, https:\/\/relaisbrunehaut.fr\/wp-content\/uploads\/2020\/10\/IMG_7369-copie--768x497.jpg 768w, https:\/\/relaisbrunehaut.fr\/wp-content\/uploads\/2020\/10\/IMG_7369-copie-.jpg 1982w\" sizes=\"(max-width: 1024px) 100vw, 1024px\" \/><\/figure><\/li><\/ul>\n\n\n\n<h3><em><strong> L&rsquo;H\u00f4tel dispose d&rsquo;un salle de r\u00e9ception<\/strong> <\/em><\/h3>\n\n\n\n<ul class=\"wp-block-gallery columns-2 is-cropped\"><li class=\"blocks-gallery-item\"><figure><img loading=\"lazy\" width=\"1024\" height=\"683\" src=\"https:\/\/relaisbrunehaut.fr\/wp-content\/uploads\/2020\/06\/DSC2916-1-1024x683.jpg\" alt=\"\" data-id=\"50\" data-link=\"https:\/\/relaisbrunehaut.fr\/?attachment_id=50\" class=\"wp-image-50\" srcset=\"https:\/\/relaisbrunehaut.fr\/wp-content\/uploads\/2020\/06\/DSC2916-1-1024x683.jpg 1024w, https:\/\/relaisbrunehaut.fr\/wp-content\/uploads\/2020\/06\/DSC2916-1-300x200.jpg 300w, https:\/\/relaisbrunehaut.fr\/wp-content\/uploads\/2020\/06\/DSC2916-1-768x512.jpg 768w\" sizes=\"(max-width: 1024px) 100vw, 1024px\" \/><\/figure><\/li><li class=\"blocks-gallery-item\"><figure><img loading=\"lazy\" width=\"1024\" height=\"732\" src=\"https:\/\/relaisbrunehaut.fr\/wp-content\/uploads\/2020\/06\/010-1-1024x732.jpg\" alt=\"\" data-id=\"38\" data-link=\"https:\/\/relaisbrunehaut.fr\/?attachment_id=38\" class=\"wp-image-38\" srcset=\"https:\/\/relaisbrunehaut.fr\/wp-content\/uploads\/2020\/06\/010-1-1024x732.jpg 1024w, https:\/\/relaisbrunehaut.fr\/wp-content\/uploads\/2020\/06\/010-1-300x214.jpg 300w, https:\/\/relaisbrunehaut.fr\/wp-content\/uploads\/2020\/06\/010-1-768x549.jpg 768w\" sizes=\"(max-width: 1024px) 100vw, 1024px\" \/><\/figure><\/li><\/ul>\n\n\n\n<h3><strong><em>Cet espace peut s&rsquo;adapter \u00e0 toute les attentes concernant: <\/em><\/strong><\/h3>\n\n\n\n<p><strong><em>La Famille<\/em><\/strong><em> : Envie de rassembler sa famille avec un  compl\u00e9ment d\u2019h\u00e9bergement. Vous  vous sentirez comme chez vous.<\/em><\/p>\n\n\n\n<h3><em>Un coup d&rsquo;\u0153il &nbsp;sur&nbsp;nos&nbsp;h\u00e9bergements<\/em><\/h3>\n\n\n\n<ul class=\"wp-block-gallery columns-3 is-cropped\"><li class=\"blocks-gallery-item\"><figure><img loading=\"lazy\" width=\"1024\" height=\"694\" src=\"https:\/\/relaisbrunehaut.fr\/wp-content\/uploads\/2020\/09\/Gil-Giuglio_RelaisBrunehaut_2020GIL_0254-copie-1024x694.jpg\" alt=\"\" data-id=\"250\" data-link=\"https:\/\/relaisbrunehaut.fr\/?attachment_id=250\" class=\"wp-image-250\" srcset=\"https:\/\/relaisbrunehaut.fr\/wp-content\/uploads\/2020\/09\/Gil-Giuglio_RelaisBrunehaut_2020GIL_0254-copie-1024x694.jpg 1024w, https:\/\/relaisbrunehaut.fr\/wp-content\/uploads\/2020\/09\/Gil-Giuglio_RelaisBrunehaut_2020GIL_0254-copie-300x203.jpg 300w, https:\/\/relaisbrunehaut.fr\/wp-content\/uploads\/2020\/09\/Gil-Giuglio_RelaisBrunehaut_2020GIL_0254-copie-768x520.jpg 768w, https:\/\/relaisbrunehaut.fr\/wp-content\/uploads\/2020\/09\/Gil-Giuglio_RelaisBrunehaut_2020GIL_0254-copie-738x500.jpg 738w\" sizes=\"(max-width: 1024px) 100vw, 1024px\" \/><\/figure><\/li><li class=\"blocks-gallery-item\"><figure><img loading=\"lazy\" width=\"1024\" height=\"683\" src=\"https:\/\/relaisbrunehaut.fr\/wp-content\/uploads\/2020\/09\/Desire-1-1024x683.jpg\" alt=\"\" data-id=\"237\" data-link=\"https:\/\/relaisbrunehaut.fr\/?attachment_id=237\" class=\"wp-image-237\" srcset=\"https:\/\/relaisbrunehaut.fr\/wp-content\/uploads\/2020\/09\/Desire-1-1024x683.jpg 1024w, https:\/\/relaisbrunehaut.fr\/wp-content\/uploads\/2020\/09\/Desire-1-300x200.jpg 300w, https:\/\/relaisbrunehaut.fr\/wp-content\/uploads\/2020\/09\/Desire-1-768x512.jpg 768w, https:\/\/relaisbrunehaut.fr\/wp-content\/uploads\/2020\/09\/Desire-1-750x500.jpg 750w\" sizes=\"(max-width: 1024px) 100vw, 1024px\" \/><\/figure><\/li><li class=\"blocks-gallery-item\"><figure><img loading=\"lazy\" width=\"1024\" height=\"683\" src=\"https:\/\/relaisbrunehaut.fr\/wp-content\/uploads\/2020\/09\/prairie-3-1024x683.jpg\" alt=\"\" data-id=\"242\" data-link=\"https:\/\/relaisbrunehaut.fr\/?attachment_id=242\" class=\"wp-image-242\" srcset=\"https:\/\/relaisbrunehaut.fr\/wp-content\/uploads\/2020\/09\/prairie-3-1024x683.jpg 1024w, https:\/\/relaisbrunehaut.fr\/wp-content\/uploads\/2020\/09\/prairie-3-300x200.jpg 300w, https:\/\/relaisbrunehaut.fr\/wp-content\/uploads\/2020\/09\/prairie-3-768x512.jpg 768w, https:\/\/relaisbrunehaut.fr\/wp-content\/uploads\/2020\/09\/prairie-3-750x500.jpg 750w, https:\/\/relaisbrunehaut.fr\/wp-content\/uploads\/2020\/09\/prairie-3.jpg 1500w\" sizes=\"(max-width: 1024px) 100vw, 1024px\" \/><\/figure><\/li><li class=\"blocks-gallery-item\"><figure><img loading=\"lazy\" width=\"1024\" height=\"694\" src=\"https:\/\/relaisbrunehaut.fr\/wp-content\/uploads\/2020\/09\/tourelle-1-1024x694.jpg\" alt=\"\" data-id=\"243\" data-link=\"https:\/\/relaisbrunehaut.fr\/?attachment_id=243\" class=\"wp-image-243\" srcset=\"https:\/\/relaisbrunehaut.fr\/wp-content\/uploads\/2020\/09\/tourelle-1-1024x694.jpg 1024w, https:\/\/relaisbrunehaut.fr\/wp-content\/uploads\/2020\/09\/tourelle-1-300x203.jpg 300w, https:\/\/relaisbrunehaut.fr\/wp-content\/uploads\/2020\/09\/tourelle-1-768x520.jpg 768w, https:\/\/relaisbrunehaut.fr\/wp-content\/uploads\/2020\/09\/tourelle-1-738x500.jpg 738w, https:\/\/relaisbrunehaut.fr\/wp-content\/uploads\/2020\/09\/tourelle-1.jpg 1500w\" sizes=\"(max-width: 1024px) 100vw, 1024px\" \/><\/figure><\/li><li class=\"blocks-gallery-item\"><figure><img loading=\"lazy\" width=\"170\" height=\"113\" src=\"https:\/\/relaisbrunehaut.fr\/wp-content\/uploads\/2020\/09\/62663_900049_40.jpg\" alt=\"\" data-id=\"126\" data-link=\"https:\/\/relaisbrunehaut.fr\/?attachment_id=126\" class=\"wp-image-126\"\/><\/figure><\/li><li class=\"blocks-gallery-item\"><figure><img loading=\"lazy\" width=\"1024\" height=\"680\" src=\"https:\/\/relaisbrunehaut.fr\/wp-content\/uploads\/2020\/09\/le-moulin-1-2-1024x680.jpg\" alt=\"\" data-id=\"269\" data-link=\"https:\/\/relaisbrunehaut.fr\/?attachment_id=269\" class=\"wp-image-269\" srcset=\"https:\/\/relaisbrunehaut.fr\/wp-content\/uploads\/2020\/09\/le-moulin-1-2-1024x680.jpg 1024w, https:\/\/relaisbrunehaut.fr\/wp-content\/uploads\/2020\/09\/le-moulin-1-2-300x199.jpg 300w, https:\/\/relaisbrunehaut.fr\/wp-content\/uploads\/2020\/09\/le-moulin-1-2-768x510.jpg 768w, https:\/\/relaisbrunehaut.fr\/wp-content\/uploads\/2020\/09\/le-moulin-1-2-753x500.jpg 753w, https:\/\/relaisbrunehaut.fr\/wp-content\/uploads\/2020\/09\/le-moulin-1-2.jpg 1200w\" sizes=\"(max-width: 1024px) 100vw, 1024px\" \/><\/figure><\/li><\/ul>\n","protected":false},"excerpt":{"rendered":"<p>L&rsquo;H\u00f4tel dispose d&rsquo;un salle de r\u00e9ception Cet espace peut s&rsquo;adapter \u00e0 toute les attentes concernant: La Famille : Envie de rassembler sa famille avec un compl\u00e9ment d\u2019h\u00e9bergement. Vous vous sentirez <a href=\"https:\/\/relaisbrunehaut.fr\/\" class=\"more-link\">[&hellip;]<\/a><\/p>\n","protected":false},"author":2,"featured_media":453,"parent":0,"menu_order":0,"comment_status":"closed","ping_status":"closed","template":"","meta":{"Layout":"1c"},"_links":{"self":[{"href":"https:\/\/relaisbrunehaut.fr\/index.php?rest_route=\/wp\/v2\/pages\/66"}],"collection":[{"href":"https:\/\/relaisbrunehaut.fr\/index.php?rest_route=\/wp\/v2\/pages"}],"about":[{"href":"https:\/\/relaisbrunehaut.fr\/index.php?rest_route=\/wp\/v2\/types\/page"}],"author":[{"embeddable":true,"href":"https:\/\/relaisbrunehaut.fr\/index.php?rest_route=\/wp\/v2\/users\/2"}],"replies":[{"embeddable":true,"href":"https:\/\/relaisbrunehaut.fr\/index.php?rest_route=%2Fwp%2Fv2%2Fcomments&post=66"}],"version-history":[{"count":42,"href":"https:\/\/relaisbrunehaut.fr\/index.php?rest_route=\/wp\/v2\/pages\/66\/revisions"}],"predecessor-version":[{"id":466,"href":"https:\/\/relaisbrunehaut.fr\/index.php?rest_route=\/wp\/v2\/pages\/66\/revisions\/466"}],"wp:featuredmedia":[{"embeddable":true,"href":"https:\/\/relaisbrunehaut.fr\/index.php?rest_route=\/wp\/v2\/media\/453"}],"wp:attachment":[{"href":"https:\/\/relaisbrunehaut.fr\/index.php?rest_route=%2Fwp%2Fv2%2Fmedia&parent=66"}],"curies":[{"name":"wp","href":"https:\/\/api.w.org\/{rel}","templated":true}]}}