{"id":113,"date":"2020-09-03T15:18:00","date_gmt":"2020-09-03T13:18:00","guid":{"rendered":"https:\/\/relaisbrunehaut.fr\/?page_id=113"},"modified":"2021-06-08T11:07:11","modified_gmt":"2021-06-08T09:07:11","slug":"contact","status":"publish","type":"page","link":"https:\/\/relaisbrunehaut.fr\/?page_id=113","title":{"rendered":"R\u00e9servation"},"content":{"rendered":"\n<h3>R\u00e9sidence H\u00f4teli\u00e8re le Relais Brunehaut<\/h3>\n\n\n\n<p><strong>Adresse<\/strong><br>3, rue d&rsquo;\u00e9glise,<br>60350 Chelles(Oise)<br>FRANCE<\/p>\n\n\n\n<p><strong>Fran\u00e7oise\u00a0et\u00a0Gilles\u00a0Frenel<\/strong><br>Tel : 09 75 27 85 05\u2013 06 15 35 09 09 &#8211; 03 44 42 85 05<\/p>\n\n\n\n<p><strong>Accueil<\/strong><br>Semaine du lundi au vendredi: 8h &#8211; 21h00<br>Week-end samedi \/ dimanche de 8h \u00e0 21h<\/p>\n\n\n\n<p><strong>Petit d\u00e9jeuner<\/strong><br>Semaine du lundi au vendredi: 6h30 &#8211; 09h00<br>Week-end samedi \/ dimanche de 8h00 \u00e0 9h30<\/p>\n","protected":false},"excerpt":{"rendered":"<p>R\u00e9sidence H\u00f4teli\u00e8re le Relais Brunehaut Adresse3, rue d&rsquo;\u00e9glise,60350 Chelles(Oise)FRANCE Fran\u00e7oise\u00a0et\u00a0Gilles\u00a0FrenelTel : 09 75 27 85 05\u2013 06 15 35 09 09 &#8211; 03 44 42 85 05 AccueilSemaine du lundi <a href=\"https:\/\/relaisbrunehaut.fr\/?page_id=113\" class=\"more-link\">[&hellip;]<\/a><\/p>\n","protected":false},"author":2,"featured_media":0,"parent":0,"menu_order":0,"comment_status":"closed","ping_status":"closed","template":"","meta":{"Layout":"1c"},"_links":{"self":[{"href":"https:\/\/relaisbrunehaut.fr\/index.php?rest_route=\/wp\/v2\/pages\/113"}],"collection":[{"href":"https:\/\/relaisbrunehaut.fr\/index.php?rest_route=\/wp\/v2\/pages"}],"about":[{"href":"https:\/\/relaisbrunehaut.fr\/index.php?rest_route=\/wp\/v2\/types\/page"}],"author":[{"embeddable":true,"href":"https:\/\/relaisbrunehaut.fr\/index.php?rest_route=\/wp\/v2\/users\/2"}],"replies":[{"embeddable":true,"href":"https:\/\/relaisbrunehaut.fr\/index.php?rest_route=%2Fwp%2Fv2%2Fcomments&post=113"}],"version-history":[{"count":5,"href":"https:\/\/relaisbrunehaut.fr\/index.php?rest_route=\/wp\/v2\/pages\/113\/revisions"}],"predecessor-version":[{"id":471,"href":"https:\/\/relaisbrunehaut.fr\/index.php?rest_route=\/wp\/v2\/pages\/113\/revisions\/471"}],"wp:attachment":[{"href":"https:\/\/relaisbrunehaut.fr\/index.php?rest_route=%2Fwp%2Fv2%2Fmedia&parent=113"}],"curies":[{"name":"wp","href":"https:\/\/api.w.org\/{rel}","templated":true}]}}